{"id":23311,"date":"2022-09-08T21:02:24","date_gmt":"2022-09-08T20:02:24","guid":{"rendered":"https:\/\/2021.memoriaecotic.com\/?page_id=23311"},"modified":"2022-09-12T15:37:12","modified_gmt":"2022-09-12T14:37:12","slug":"article-sustainable-digitisation","status":"publish","type":"page","link":"https:\/\/2021.memoriaecotic.com\/en\/article-sustainable-digitisation\/","title":{"rendered":"Article &#8211; SUSTAINABLE DIGITISATION."},"content":{"rendered":"<p>[vc_row css_animation=&#8221;&#8221; row_type=&#8221;row&#8221; use_row_as_full_screen_section=&#8221;no&#8221; type=&#8221;full_width&#8221; angled_section=&#8221;no&#8221; text_align=&#8221;left&#8221; background_image_as_pattern=&#8221;without_pattern&#8221; css=&#8221;.vc_custom_1658400286858{margin-top: 0px !important;padding-top: 0px !important;}&#8221; z_index=&#8221;&#8221;][vc_column][vc_single_image image=&#8221;23382&#8243; img_size=&#8221;full&#8221; alignment=&#8221;center&#8221; qode_css_animation=&#8221;&#8221; el_class=&#8221;img-full-width-header&#8221;][\/vc_column][\/vc_row][vc_row css_animation=&#8221;&#8221; row_type=&#8221;row&#8221; use_row_as_full_screen_section=&#8221;no&#8221; type=&#8221;full_width&#8221; angled_section=&#8221;no&#8221; text_align=&#8221;left&#8221; background_image_as_pattern=&#8221;without_pattern&#8221;][vc_column width=&#8221;1\/6&#8243;][\/vc_column][vc_column width=&#8221;2\/3&#8243;][vc_column_text css=&#8221;.vc_custom_1662993429070{margin-top: 100px !important;}&#8221;]With the Fundaci\u00f3n CEOE, most of the Producer Responsibility Organisations (PROs) which are part of the OfiRaee Coordination Office, and in partnership with the Fundaci\u00f3n SEUR, we began an exciting project in late 2020 that continued throughout 2021. Its success has encouraged us to organise a second edition that will take place throughout 2022.<\/p>\n<p>&nbsp;<\/p>\n<p>This project is \u2018Digitalizaci\u00f3n Sostenible\u2019 (Sustainable Digitisation), an initiative that is part of the \u2018Empresas que ayudan\u2019 (Companies that help) project run by the Fundaci\u00f3n CEOE, which aims to contribute to reducing the digital gap that many people in Spain suffer from by means of a social collection of computer equipment and components all over the country.<\/p>\n<p>&nbsp;<\/p>\n<p>The aim was to prepare them for reuse so that they could be reused for the benefit of minors, senior citizens and other groups at risk of exclusion who do not have sufficient access to technology.<\/p>\n<p>&nbsp;<\/p>\n<p>Thanks to donations from more than 60 companies, freelancers and organisations from all over Spain, we collected a total of 4,692 computers and computer components in the first edition, and 2,594 of these devices were refurbished for a new lease of life. The remaining 2,098 pieces of equipment, which were not in suitable condition for reuse, were used for recycling processes to recover and valorise the materials they contained.<\/p>\n<p>The refurbished devices were distributed with the help of the Fundaci\u00f3n SEUR through 40 NGOs that regularly work with the Fundaci\u00f3n CEOE. As a result, nearly 16,000 people have been benefited from using the devices provided through various social programmes undertaken by organisations including C\u00e1ritas Diocesana, Grupo Social Lares, Fundaci\u00f3n Amig\u00f3, Creatica, Formaci\u00f3 i Treball (La Fundaci\u00f3 Amiga), Fundaci\u00f3n Secretariado Gitano, Fundaci\u00f3n ExE, EMET Arco Iris, Proyecto Hombre, Asociaci\u00f3n Bienestar y Desarrollo (ABD), Obra Social San Juan de Dios, Asociaci\u00f3n Arrabal-AID, Mensajeros de la Paz and Fundaci\u00f3n Educativa Franciscanas de Montpellier, among many others.<\/p>\n<p>&nbsp;<\/p>\n<p>In addition to its social aspect, the aim of \u2018Sustainable Digitisation\u2019 is to contribute to the development of the circular economy through<br \/>\nfostering the reuse of devices, thereby reducing the generation of waste and preventing the potential pollution that they can cause. Thanks to the reuse and recycling of equipment, we achieved a total saving of emissions amounting to 108,009 kilograms of CO2 equivalent.<\/p>\n<p>&nbsp;<\/p>\n<p>&nbsp;<\/p>\n<h5>\u201cThe combination of values, commitments and shared efforts has enabled us to be part of a wonderful initiative, which combines solidarity<br \/>\nand creating opportunities for people at risk of exclusion while protecting the environment and promoting the circular economy.\u201d<\/h5>\n<p>&nbsp;<\/p>\n<p><img loading=\"lazy\" decoding=\"async\" class=\"aligncenter wp-image-23386 size-full\" src=\"https:\/\/2021.memoriaecotic.com\/wp-content\/uploads\/2022\/09\/Infografi\u0301a_INGLES.jpg\" alt=\"\" width=\"1920\" height=\"1080\" srcset=\"https:\/\/2021.memoriaecotic.com\/wp-content\/uploads\/2022\/09\/Infografi\u0301a_INGLES.jpg 1920w, https:\/\/2021.memoriaecotic.com\/wp-content\/uploads\/2022\/09\/Infografi\u0301a_INGLES-300x169.jpg 300w, https:\/\/2021.memoriaecotic.com\/wp-content\/uploads\/2022\/09\/Infografi\u0301a_INGLES-768x432.jpg 768w, https:\/\/2021.memoriaecotic.com\/wp-content\/uploads\/2022\/09\/Infografi\u0301a_INGLES-1536x864.jpg 1536w, https:\/\/2021.memoriaecotic.com\/wp-content\/uploads\/2022\/09\/Infografi\u0301a_INGLES-700x394.jpg 700w, https:\/\/2021.memoriaecotic.com\/wp-content\/uploads\/2022\/09\/Infografi\u0301a_INGLES-539x303.jpg 539w\" sizes=\"auto, (max-width: 1920px) 100vw, 1920px\" \/><\/p>\n<p>&nbsp;<\/p>\n<p>This reduction in the carbon footprint is equivalent to the CO2 emitted by about 5,700 petrolpowered cars driving for around 100\u00a0 kilometres, or the amount that more than 4,300 trees can absorb over a year, and has generated a major benefit for the environment in terms of reducing this type of emissions that contribute to the planet\u2019s global warming.<\/p>\n<p>&nbsp;<\/p>\n<p>All the promoting and collaborating institutions are very proud of the fantastic results achieved in this first edition of \u2018Sustainable Digitisation\u2019. Partnerships to achieve goals, outlined in Sustainable Development Goal 17, are a powerful instrument for progress<br \/>\ntowards the achievement of other goals such as quality education (SDG 4), reduced inequality (SDG 10), responsible production and consumption (SDG 12) and climate action (SDG 13).<\/p>\n<p>&nbsp;<\/p>\n<p>We are convinced that working together is one of the most powerful driving forces behind social transformation, and for this reason we would like to invite companies of any size, self-employed workers, government bodies and any other type of institution to join \u2018Sustainable Digitisation\u2019. Together we can continue moving forward towards the goal of providing universal access to technology for everyone in Spain and building the model of a fairer, inclusive and supportive society which we believe in. More information and registration are available at\u00a0 <a href=\"https:\/\/digitalysostenible.com\/\">www.digitalysostenible.com<\/a><\/p>\n<p>&nbsp;<\/p>\n<h5>\u201cWe would like to invite companies of any size, self-employed workers, government bodies and any other type of institution to join\u00a0 sustainable Digitization, because together we can continue moving forward towards the goal of providing universal access to technology for everyone in Spain.\u201d<\/h5>\n<p>[\/vc_column_text][\/vc_column][vc_column width=&#8221;1\/6&#8243;][\/vc_column][\/vc_row]<\/p>\n","protected":false},"excerpt":{"rendered":"<p>[vc_row css_animation=&#8221;&#8221; row_type=&#8221;row&#8221; use_row_as_full_screen_section=&#8221;no&#8221; type=&#8221;full_width&#8221; angled_section=&#8221;no&#8221; text_align=&#8221;left&#8221; background_image_as_pattern=&#8221;without_pattern&#8221; css=&#8221;.vc_custom_1658400286858{margin-top: 0px !important;padding-top: 0px !important;}&#8221; z_index=&#8221;&#8221;][vc_column][vc_single_image image=&#8221;23382&#8243; img_size=&#8221;full&#8221; alignment=&#8221;center&#8221; qode_css_animation=&#8221;&#8221; el_class=&#8221;img-full-width-header&#8221;][\/vc_column][\/vc_row][vc_row css_animation=&#8221;&#8221; row_type=&#8221;row&#8221; use_row_as_full_screen_section=&#8221;no&#8221; type=&#8221;full_width&#8221; angled_section=&#8221;no&#8221; text_align=&#8221;left&#8221; background_image_as_pattern=&#8221;without_pattern&#8221;][vc_column width=&#8221;1\/6&#8243;][\/vc_column][vc_column width=&#8221;2\/3&#8243;][vc_column_text css=&#8221;.vc_custom_1662993429070{margin-top: 100px !important;}&#8221;]With the Fundaci\u00f3n CEOE, most of the Producer Responsibility Organisations (PROs) which are part of&#8230;<\/p>\n","protected":false},"author":11,"featured_media":0,"parent":0,"menu_order":0,"comment_status":"closed","ping_status":"closed","template":"full_width.php","meta":{"footnotes":""},"class_list":["post-23311","page","type-page","status-publish","hentry"],"_links":{"self":[{"href":"https:\/\/2021.memoriaecotic.com\/en\/wp-json\/wp\/v2\/pages\/23311","targetHints":{"allow":["GET"]}}],"collection":[{"href":"https:\/\/2021.memoriaecotic.com\/en\/wp-json\/wp\/v2\/pages"}],"about":[{"href":"https:\/\/2021.memoriaecotic.com\/en\/wp-json\/wp\/v2\/types\/page"}],"author":[{"embeddable":true,"href":"https:\/\/2021.memoriaecotic.com\/en\/wp-json\/wp\/v2\/users\/11"}],"replies":[{"embeddable":true,"href":"https:\/\/2021.memoriaecotic.com\/en\/wp-json\/wp\/v2\/comments?post=23311"}],"version-history":[{"count":4,"href":"https:\/\/2021.memoriaecotic.com\/en\/wp-json\/wp\/v2\/pages\/23311\/revisions"}],"predecessor-version":[{"id":23388,"href":"https:\/\/2021.memoriaecotic.com\/en\/wp-json\/wp\/v2\/pages\/23311\/revisions\/23388"}],"wp:attachment":[{"href":"https:\/\/2021.memoriaecotic.com\/en\/wp-json\/wp\/v2\/media?parent=23311"}],"curies":[{"name":"wp","href":"https:\/\/api.w.org\/{rel}","templated":true}]}}