{"id":22628,"date":"2020-07-14T15:14:37","date_gmt":"2020-07-14T15:14:37","guid":{"rendered":"http:\/\/2019.memoriaecotic.com\/articulo-el-ecodiseno-nos-alinea-con-el-nuevo-paradigma-de-la-economia-circular\/"},"modified":"2020-09-10T11:37:21","modified_gmt":"2020-09-10T11:37:21","slug":"article-ecodesign-aligns-with-the-new-paradigm-of-the-circular-economy","status":"publish","type":"page","link":"https:\/\/2021.memoriaecotic.com\/en\/article-ecodesign-aligns-with-the-new-paradigm-of-the-circular-economy\/","title":{"rendered":"Article &#8211; Ecodesign aligns with the new paradigm of the circular economy"},"content":{"rendered":"<p>[vc_row css_animation=&#8221;&#8221; row_type=&#8221;row&#8221; use_row_as_full_screen_section=&#8221;no&#8221; type=&#8221;full_width&#8221; angled_section=&#8221;no&#8221; text_align=&#8221;left&#8221; background_image_as_pattern=&#8221;without_pattern&#8221; background_color=&#8221;#ffffff&#8221; z_index=&#8221;&#8221; css=&#8221;.vc_custom_1594995620645{background-image: url(http:\/\/2019.memoriaecotic.com\/wp-content\/uploads\/2020\/07\/banner-pagina-interior-eco-art2.jpg?id=21106) !important;background-position: center !important;background-repeat: no-repeat !important;background-size: cover !important;}&#8221; side_padding=&#8221;full width&#8221;][vc_column css=&#8221;.vc_custom_1594994259748{padding-top: 8% !important;padding-right: 15% !important;padding-bottom: 8% !important;padding-left: 15% !important;background-position: center !important;background-repeat: no-repeat !important;background-size: contain !important;}&#8221;][vc_column_text css=&#8221;.vc_custom_1598884381714{padding-top: 2% !important;}&#8221;]<\/p>\n<h2 style=\"text-align: left;\"><span class=\"numero-banner\" style=\"color: transparent; font-size: 100px; -webkit-text-stroke: 1.5px white;\">Article<\/span><br \/>\n<span style=\"color: #ffffff; text-shadow: 1px 2px 3px rgba(0,0,0,0.8);\">Ecodesign aligns with the new paradigm of the circular economy<\/span><\/h2>\n<p>[\/vc_column_text][\/vc_column][\/vc_row][vc_row css_animation=&#8221;&#8221; row_type=&#8221;row&#8221; use_row_as_full_screen_section=&#8221;no&#8221; type=&#8221;grid&#8221; angled_section=&#8221;no&#8221; text_align=&#8221;left&#8221; background_image_as_pattern=&#8221;without_pattern&#8221; background_color=&#8221;#ffffff&#8221; css=&#8221;.vc_custom_1594982456683{margin-bottom: 0px !important;border-bottom-width: 0px !important;padding-right: 10px !important;padding-bottom: 0px !important;padding-left: 10px !important;background-color: #ededed !important;border-bottom-color: #ededed !important;}&#8221; z_index=&#8221;&#8221;][vc_column width=&#8221;1\/3&#8243;][vc_separator type=&#8221;transparent&#8221; thickness=&#8221;20&#8243;][vc_single_image image=&#8221;22497&#8243; img_size=&#8221;150&#215;150&#8243; qode_css_animation=&#8221;&#8221;][vc_separator type=&#8221;transparent&#8221; thickness=&#8221;1&#8243;][vc_column_text]<strong>Carles M. Gasol | <\/strong>Co-founder and Business Development Manager in\u00e8dit<br \/>\n[\/vc_column_text][vc_separator type=&#8221;transparent&#8221; thickness=&#8221;1&#8243;][\/vc_column][vc_column width=&#8221;1\/3&#8243;][vc_separator type=&#8221;transparent&#8221; thickness=&#8221;20&#8243;][vc_single_image image=&#8221;22496&#8243; img_size=&#8221;150&#215;150&#8243; qode_css_animation=&#8221;&#8221;][vc_separator type=&#8221;transparent&#8221; thickness=&#8221;1&#8243;][vc_column_text]<strong>Gabriela Benveniste | <\/strong>Project Manager\u00a0in\u00e8dit[\/vc_column_text][vc_separator type=&#8221;transparent&#8221; thickness=&#8221;1&#8243;][\/vc_column][vc_column width=&#8221;1\/3&#8243;][vc_separator type=&#8221;transparent&#8221; thickness=&#8221;30&#8243;][vc_column_text]<\/p>\n<h5><span style=\"color: #004987; font-weight: 600;\">\u201cEcodesign considers all the stages that take place from the conception of the device to its final operation and, incorporating the environmental variable as a requirement, can contribute to aligning business, environmental and consumer interests\u201d<\/span><\/h5>\n<p>[\/vc_column_text][vc_separator type=&#8221;transparent&#8221; thickness=&#8221;20&#8243;][\/vc_column][\/vc_row][vc_row css_animation=&#8221;&#8221; row_type=&#8221;row&#8221; use_row_as_full_screen_section=&#8221;no&#8221; type=&#8221;grid&#8221; angled_section=&#8221;no&#8221; text_align=&#8221;left&#8221; background_image_as_pattern=&#8221;without_pattern&#8221;][vc_column width=&#8221;1\/6&#8243; css=&#8221;.vc_custom_1595228578194{padding-top: 40px !important;padding-right: 40px !important;padding-bottom: 40px !important;padding-left: 40px !important;background-color: #ffffff !important;}&#8221; offset=&#8221;vc_hidden-sm vc_hidden-xs&#8221;][\/vc_column][vc_column width=&#8221;2\/3&#8243; css=&#8221;.vc_custom_1595227294858{padding-top: 80px !important;padding-right: 25px !important;padding-left: 25px !important;}&#8221;][vc_column_text]The lifecycle of an electrical and electronic appliance (EEE) is defined by its design and purpose, and involves stages such as the extraction of raw materials and their transport, the EEE manufacturing processes, the various logistics and distribution operations, the consumption of energy and resources during the use of the product, and finally, the product and the management of waste electrical and electronic equipment (WEEE).<\/p>\n<p>&nbsp;<\/p>\n<p>Ecodesign applies life-cycle approach, which consists of considering all the stages that follow each other from the conception of the EEE to its management at the end-of-life, in order to detect whether a solution in one stage will have a positive impact on the total balance of resource and energy consumption and emissions generation, or whether it will only mean transferring the problem to another stage.[\/vc_column_text][vc_separator type=&#8221;transparent&#8221; thickness=&#8221;15&#8243;][\/vc_column][vc_column width=&#8221;1\/6&#8243; offset=&#8221;vc_hidden-sm vc_hidden-xs&#8221;][\/vc_column][\/vc_row][vc_row css_animation=&#8221;&#8221; row_type=&#8221;row&#8221; use_row_as_full_screen_section=&#8221;no&#8221; type=&#8221;grid&#8221; angled_section=&#8221;no&#8221; text_align=&#8221;left&#8221; background_image_as_pattern=&#8221;without_pattern&#8221;][vc_column width=&#8221;1\/6&#8243; css=&#8221;.vc_custom_1595227115793{padding-top: 40px !important;padding-right: 40px !important;padding-bottom: 40px !important;padding-left: 40px !important;background-color: #ffffff !important;}&#8221; offset=&#8221;vc_hidden-sm vc_hidden-xs&#8221;][\/vc_column][vc_column width=&#8221;2\/3&#8243; css=&#8221;.vc_custom_1595227301563{padding-right: 25px !important;padding-left: 25px !important;}&#8221;][vc_row_inner row_type=&#8221;row&#8221; type=&#8221;full_width&#8221; text_align=&#8221;left&#8221; css_animation=&#8221;&#8221;][vc_column_inner width=&#8221;1\/2&#8243;][vc_single_image image=&#8221;22528&#8243; img_size=&#8221;medium&#8221; alignment=&#8221;center&#8221; qode_css_animation=&#8221;&#8221;][vc_separator type=&#8221;transparent&#8221; thickness=&#8221;15&#8243;][\/vc_column_inner][vc_column_inner width=&#8221;1\/2&#8243;][vc_column_text]From the point of view of the circular economy, one of the <span lang=\"EN-US\">main goals of a life-cycle approach is to establish ecodesign strategies for extending the lifetime of products through reuse or reparability of EEE and<\/span>, in the end, to close cycles by revaluing WEEE, through recycling and material recovery of the most precious EEE components, normally some metals.<\/p>\n<p>&nbsp;<\/p>\n<p>Some Member States are pushing for developing ecodesing legislative measures for reparability and durability, considered to be the two main strategies that need to be boosted in the sector.[\/vc_column_text][\/vc_column_inner][\/vc_row_inner][\/vc_column][vc_column width=&#8221;1\/6&#8243; offset=&#8221;vc_hidden-sm vc_hidden-xs&#8221;][\/vc_column][\/vc_row][vc_row css_animation=&#8221;&#8221; row_type=&#8221;row&#8221; use_row_as_full_screen_section=&#8221;no&#8221; type=&#8221;grid&#8221; angled_section=&#8221;no&#8221; text_align=&#8221;left&#8221; background_image_as_pattern=&#8221;without_pattern&#8221;][vc_column width=&#8221;1\/6&#8243; css=&#8221;.vc_custom_1595227136156{padding-top: 40px !important;padding-right: 40px !important;padding-bottom: 40px !important;padding-left: 40px !important;background-color: #ffffff !important;}&#8221; offset=&#8221;vc_hidden-sm vc_hidden-xs&#8221;][\/vc_column][vc_column width=&#8221;2\/3&#8243; css=&#8221;.vc_custom_1595228745355{padding-top: 25px !important;padding-right: 25px !important;padding-left: 25px !important;}&#8221;][vc_column_text]In France, following the publication of <a href=\"https:\/\/www.terraqui.com\/blog\/actualidad\/francia-objetivos-de-la-ley-contra-el-despilfarro-y-de-economia-circular-primera-parte\/\" target=\"_blank\" rel=\"noopener noreferrer\">Law 2010-105 on the fight against waste and the <\/a><a href=\"https:\/\/www.terraqui.com\/blog\/actualidad\/francia-objetivos-de-la-ley-contra-el-despilfarro-y-de-economia-circular-primera-parte\/\">Circular Economy<\/a>, specifically in its article 16, they mention: &#8220;producers, importers, distributors or other marketers of electrical and electronic equipment shall communicate, free of charge, to the retailers of their products and to any person requesting it, the <strong>reparability index of the equipment<\/strong>, as well as the parameters used to establish it; such index is intended to inform the consumer about the ability to repair the product in question&#8221;.<\/p>\n<p>&nbsp;<\/p>\n<p>Furthermore, from 1st January 2024, producers or importers of certain products shall communicate to sellers and anyone else who requests it, free of charge, the <strong>durability index of these products<\/strong> and the parameters used to establish it; such index includes new criteria such as the reliability and robustness of the product.<\/p>\n<p>&nbsp;<\/p>\n<p>It is estimated that extending the lifespan of EEE can have a beneficial impact on saving greenhouse gas (GHG) emissions. For example, extending the lifespan of a TV from 1 to 3 years can reduce CO2 equivalent by 41-124 kg according to the ADEME <a href=\"#_ftn1\" name=\"_ftnref1\">[1]<\/a> research.<\/p>\n<p>&nbsp;<\/p>\n<p>In Spain, both the preliminary draft of the Spanish Waste Law and the recent Circular Economy Strategy have also focused on the durability of EEE, recommending an increase in their potential for repair, reuse and servicing. However, neither the draft bill nor the strategy go into detail on the regulatory measures or tools to promote such ecodesign and circularity strategies.[\/vc_column_text][vc_separator type=&#8221;transparent&#8221; thickness=&#8221;15&#8243;][\/vc_column][vc_column width=&#8221;1\/6&#8243; offset=&#8221;vc_hidden-sm vc_hidden-xs&#8221;][\/vc_column][\/vc_row][vc_row css_animation=&#8221;&#8221; row_type=&#8221;row&#8221; use_row_as_full_screen_section=&#8221;no&#8221; type=&#8221;grid&#8221; angled_section=&#8221;no&#8221; text_align=&#8221;left&#8221; background_image_as_pattern=&#8221;without_pattern&#8221;][vc_column width=&#8221;1\/6&#8243; css=&#8221;.vc_custom_1595227115793{padding-top: 40px !important;padding-right: 40px !important;padding-bottom: 40px !important;padding-left: 40px !important;background-color: #ffffff !important;}&#8221; offset=&#8221;vc_hidden-sm vc_hidden-xs&#8221;][\/vc_column][vc_column width=&#8221;2\/3&#8243; css=&#8221;.vc_custom_1595227301563{padding-right: 25px !important;padding-left: 25px !important;}&#8221;][vc_row_inner row_type=&#8221;row&#8221; type=&#8221;full_width&#8221; text_align=&#8221;left&#8221; css_animation=&#8221;&#8221;][vc_column_inner width=&#8221;1\/2&#8243;][vc_column_text]<\/p>\n<h5><strong>Ecodesign is defined as the technical, creative and multidisciplinary process for the development of EEE<\/strong>:<\/h5>\n<p>&nbsp;<\/p>\n<ul>\n<li><strong>feasible<\/strong>, technically industrialisable and financially profitable EEE,<\/li>\n<li><strong>desirable,<\/strong> for both clients and consumers,<\/li>\n<li><strong>and sustainable<\/strong>, with optimal resource consumption, energy consumption in its use stage, recyclable in its final stage of life and with low contribution to the generation of emissions during its entire lifecycle.<\/li>\n<\/ul>\n<p>[\/vc_column_text][\/vc_column_inner][vc_column_inner width=&#8221;1\/2&#8243;][vc_single_image image=&#8221;22527&#8243; img_size=&#8221;medium&#8221; alignment=&#8221;center&#8221; qode_css_animation=&#8221;&#8221;][\/vc_column_inner][\/vc_row_inner][\/vc_column][vc_column width=&#8221;1\/6&#8243; offset=&#8221;vc_hidden-sm vc_hidden-xs&#8221;][\/vc_column][\/vc_row][vc_row css_animation=&#8221;&#8221; row_type=&#8221;row&#8221; use_row_as_full_screen_section=&#8221;no&#8221; type=&#8221;grid&#8221; angled_section=&#8221;no&#8221; text_align=&#8221;left&#8221; background_image_as_pattern=&#8221;without_pattern&#8221;][vc_column width=&#8221;1\/6&#8243; css=&#8221;.vc_custom_1595227348363{padding-top: 40px !important;padding-right: 40px !important;padding-bottom: 40px !important;padding-left: 40px !important;background-color: #ffffff !important;}&#8221; offset=&#8221;vc_hidden-sm vc_hidden-xs&#8221;][\/vc_column][vc_column width=&#8221;2\/3&#8243; css=&#8221;.vc_custom_1595227309109{padding-top: 30px !important;padding-right: 25px !important;padding-left: 25px !important;}&#8221;][vc_column_text]The main novelty of ecodesign with respect to traditional EEE design is that, from a holistic and systemic viewpoint, qualitative and quantitative tools (such as Lifecycle Analysis &#8211; LCA) and methods for better management of the resources associated with the lifecycle of EEE are applied.<\/p>\n<p>&nbsp;<\/p>\n<p>In addition to being beneficial for the environment (reduction of the consumption of materials, energy, water, waste and spillage), the ecodesign methodology means great opportunities for the company:[\/vc_column_text][vc_separator type=&#8221;transparent&#8221; thickness=&#8221;5&#8243;][\/vc_column][vc_column width=&#8221;1\/6&#8243; offset=&#8221;vc_hidden-sm vc_hidden-xs&#8221;][\/vc_column][\/vc_row][vc_row css_animation=&#8221;&#8221; row_type=&#8221;row&#8221; use_row_as_full_screen_section=&#8221;no&#8221; type=&#8221;grid&#8221; angled_section=&#8221;no&#8221; text_align=&#8221;left&#8221; background_image_as_pattern=&#8221;without_pattern&#8221;][vc_column width=&#8221;1\/6&#8243; css=&#8221;.vc_custom_1595227102350{padding-top: 40px !important;padding-right: 40px !important;padding-bottom: 40px !important;padding-left: 40px !important;background-color: #ffffff !important;}&#8221; offset=&#8221;vc_hidden-sm vc_hidden-xs&#8221;][\/vc_column][vc_column width=&#8221;2\/3&#8243; css=&#8221;.vc_custom_1595227316092{padding-right: 25px !important;padding-left: 25px !important;}&#8221;][vc_row_inner row_type=&#8221;row&#8221; type=&#8221;full_width&#8221; text_align=&#8221;left&#8221; css_animation=&#8221;&#8221;][vc_column_inner width=&#8221;1\/2&#8243;][vc_column_text]<\/p>\n<h5><span style=\"color: #004987;\"><strong>Reputation enhancement<\/strong><\/span><\/h5>\n<p>Threats, derived from inadequate sustainability management, which could affect the image of the organisation are minimised; brand values are reinforced, achieving a favourable market positioning.<\/p>\n<h5><span style=\"color: #78be21;\"><br \/>\n<span style=\"color: #004987;\">Better risk management<\/span><\/span><\/h5>\n<p>The company&#8217;s exposure to market volatility and the increase in prices of raw materials and energy is reduced; the impact of the reformulation of costs associated with emissions or waste management is also minimised.<\/p>\n<h5><span style=\"color: #78be21;\"><br \/>\n<span style=\"color: #004987;\">Increased eco-efficiency<\/span><\/span><\/h5>\n<p>Thanks to the more efficient consumption of resources and less generation of emissions, costs are reduced, achieving the same or better results.[\/vc_column_text][\/vc_column_inner][vc_column_inner width=&#8221;1\/2&#8243;][vc_column_text]<\/p>\n<h5><span style=\"color: #004987;\">Fostering innovation<\/span><\/h5>\n<p>The introduction of sustainability as a &#8220;new&#8221; design requirement promotes both the idea of new design solutions for EEE and research and development of the best possible techniques.<\/p>\n<h5><span style=\"color: #78be21;\"><br \/>\n<\/span><span style=\"color: #004987;\">Increasing the overall value of the product<\/span><\/h5>\n<p>Sustainability is incorporated as a real sales argument, increasing the attractiveness of the product and its differentiation. It helps to increase employee and consumer confidence.<\/p>\n<h5><span style=\"color: #78be21;\"><br \/>\n<\/span><span style=\"color: #004987;\">Improving the relationship with third parties<\/span><\/h5>\n<p>Favours the conditions of access to capital, whether new clients or investors, as well as meeting and anticipating environmental requirements.[\/vc_column_text][\/vc_column_inner][\/vc_row_inner][\/vc_column][vc_column width=&#8221;1\/6&#8243;][\/vc_column][\/vc_row][vc_row css_animation=&#8221;&#8221; row_type=&#8221;row&#8221; use_row_as_full_screen_section=&#8221;no&#8221; type=&#8221;grid&#8221; angled_section=&#8221;no&#8221; text_align=&#8221;left&#8221; background_image_as_pattern=&#8221;without_pattern&#8221;][vc_column width=&#8221;1\/6&#8243; css=&#8221;.vc_custom_1595227094917{padding-top: 40px !important;padding-right: 40px !important;padding-bottom: 40px !important;padding-left: 40px !important;background-color: #ffffff !important;}&#8221; offset=&#8221;vc_hidden-sm vc_hidden-xs&#8221;][\/vc_column][vc_column width=&#8221;2\/3&#8243; css=&#8221;.vc_custom_1595227322143{padding-top: 30px !important;padding-right: 25px !important;padding-left: 25px !important;}&#8221;][vc_column_text]Consumer legislative pressure or the need to gain efficiency must be alleviated with proactivity and methodologies. Ecodesign (design that incorporates the environmental variable as a requirement) can help to align business, environmental and consumer interests.<\/p>\n<p>&nbsp;<\/p>\n<p>More information on in\u00e8dit can be found at <a href=\"http:\/\/www.ineditinnova.com\" target=\"_blank\" rel=\"noopener noreferrer\">www.ineditinnova.com<\/a><\/p>\n<p><span style=\"color: #808080; font-size: 10px;\"><em><a style=\"color: #808080;\" href=\"#_ftnref1\" name=\"_ftn1\">[1]<\/a> Evaluation environnementale et \u00e9conomique de l&#8217;allongement de la dur\u00e9e d&#8217;usage de biens d&#8217;\u00e9quipements \u00e9lectriques et \u00e9lectroniques \u00e0 l&#8217;\u00e9chelle d&#8217;un foyer. Autores: MICHEL Fr\u00e9d\u00e9ric, DULBECCO Jos\u00e9 Rafael, LHOTELLIER Johan. avril 2020 &#8211; 27 p. Available at: <span style=\"color: #004987;\"> <a style=\"color: #004987;\" href=\"https:\/\/www.ademe.fr\/evaluation-environnementale-economique-lallongement-duree-dusage-biens-dequipements-electriques-electroniques-a-lechelle-dun-foyer\" target=\"_blank\" rel=\"noopener noreferrer\">link<\/a><\/span>.<\/em><\/span>[\/vc_column_text][vc_separator type=&#8221;transparent&#8221; thickness=&#8221;40&#8243;][\/vc_column][vc_column width=&#8221;1\/6&#8243; offset=&#8221;vc_hidden-sm vc_hidden-xs&#8221;][\/vc_column][\/vc_row]<\/p>\n","protected":false},"excerpt":{"rendered":"<p>[vc_row css_animation=&#8221;&#8221; row_type=&#8221;row&#8221; use_row_as_full_screen_section=&#8221;no&#8221; type=&#8221;full_width&#8221; angled_section=&#8221;no&#8221; text_align=&#8221;left&#8221; background_image_as_pattern=&#8221;without_pattern&#8221; background_color=&#8221;#ffffff&#8221; z_index=&#8221;&#8221; css=&#8221;.vc_custom_1594995620645{background-image: url(http:\/\/2019.memoriaecotic.com\/wp-content\/uploads\/2020\/07\/banner-pagina-interior-eco-art2.jpg?id=21106) !important;background-position: center !important;background-repeat: no-repeat !important;background-size: cover !important;}&#8221; side_padding=&#8221;full width&#8221;][vc_column css=&#8221;.vc_custom_1594994259748{padding-top: 8% !important;padding-right: 15% !important;padding-bottom: 8% !important;padding-left: 15% !important;background-position: center !important;background-repeat: no-repeat !important;background-size: contain !important;}&#8221;][vc_column_text css=&#8221;.vc_custom_1598884381714{padding-top: 2% !important;}&#8221;] Article Ecodesign aligns with the new&#8230;<\/p>\n","protected":false},"author":11,"featured_media":0,"parent":0,"menu_order":6,"comment_status":"closed","ping_status":"closed","template":"full_width.php","meta":{"footnotes":""},"class_list":["post-22628","page","type-page","status-publish","hentry"],"_links":{"self":[{"href":"https:\/\/2021.memoriaecotic.com\/en\/wp-json\/wp\/v2\/pages\/22628","targetHints":{"allow":["GET"]}}],"collection":[{"href":"https:\/\/2021.memoriaecotic.com\/en\/wp-json\/wp\/v2\/pages"}],"about":[{"href":"https:\/\/2021.memoriaecotic.com\/en\/wp-json\/wp\/v2\/types\/page"}],"author":[{"embeddable":true,"href":"https:\/\/2021.memoriaecotic.com\/en\/wp-json\/wp\/v2\/users\/11"}],"replies":[{"embeddable":true,"href":"https:\/\/2021.memoriaecotic.com\/en\/wp-json\/wp\/v2\/comments?post=22628"}],"version-history":[{"count":10,"href":"https:\/\/2021.memoriaecotic.com\/en\/wp-json\/wp\/v2\/pages\/22628\/revisions"}],"predecessor-version":[{"id":22793,"href":"https:\/\/2021.memoriaecotic.com\/en\/wp-json\/wp\/v2\/pages\/22628\/revisions\/22793"}],"wp:attachment":[{"href":"https:\/\/2021.memoriaecotic.com\/en\/wp-json\/wp\/v2\/media?parent=22628"}],"curies":[{"name":"wp","href":"https:\/\/api.w.org\/{rel}","templated":true}]}}